{"id":2090,"date":"2019-01-23T06:31:31","date_gmt":"2019-01-23T06:31:31","guid":{"rendered":"http:\/\/test.kgm-graphics.com\/about-us\/"},"modified":"2026-02-20T23:28:30","modified_gmt":"2026-02-20T22:28:30","slug":"about-us","status":"publish","type":"page","link":"https:\/\/kgm-graphics.com\/en\/about-us\/","title":{"rendered":"About Us"},"content":{"rendered":"<div data-elementor-type=\"wp-post\" data-elementor-id=\"2090\" class=\"elementor elementor-2090\">\n\t\t\t\t<div class=\"elementor-element elementor-element-382155f e-flex e-con-boxed e-con e-parent\" data-id=\"382155f\" data-element_type=\"container\" data-settings=\"{&quot;background_background&quot;:&quot;classic&quot;}\">\n\t\t\t\t\t<div class=\"e-con-inner\">\n\t\t<div class=\"elementor-element elementor-element-0d2fdfe e-con-full e-flex e-con e-child\" data-id=\"0d2fdfe\" data-element_type=\"container\">\n\t\t\t\t<div class=\"elementor-element elementor-element-b1c7270 elementor-widget elementor-widget-heading\" data-id=\"b1c7270\" data-element_type=\"widget\" data-widget_type=\"heading.default\">\n\t\t\t\t<div class=\"elementor-widget-container\">\n\t\t\t<style>\/*! elementor - v3.23.0 - 05-08-2024 *\/\n.elementor-heading-title{padding:0;margin:0;line-height:1}.elementor-widget-heading .elementor-heading-title[class*=elementor-size-]>a{color:inherit;font-size:inherit;line-height:inherit}.elementor-widget-heading .elementor-heading-title.elementor-size-small{font-size:15px}.elementor-widget-heading .elementor-heading-title.elementor-size-medium{font-size:19px}.elementor-widget-heading .elementor-heading-title.elementor-size-large{font-size:29px}.elementor-widget-heading .elementor-heading-title.elementor-size-xl{font-size:39px}.elementor-widget-heading .elementor-heading-title.elementor-size-xxl{font-size:59px}<\/style><h1 class=\"elementor-heading-title elementor-size-default\">About Us<\/h1>\t\t<\/div>\n\t\t\t\t<\/div>\n\t\t\t\t<\/div>\n\t\t\t\t\t<\/div>\n\t\t\t\t<\/div>\n\t\t<div class=\"elementor-element elementor-element-c7bafd9 e-flex e-con-boxed e-con e-parent\" data-id=\"c7bafd9\" data-element_type=\"container\" data-settings=\"{&quot;background_background&quot;:&quot;classic&quot;,&quot;shape_divider_top&quot;:&quot;triangle&quot;}\">\n\t\t\t\t\t<div class=\"e-con-inner\">\n\t\t\t\t<div class=\"elementor-shape elementor-shape-top\" data-negative=\"false\">\n\t\t\t<svg xmlns=\"http:\/\/www.w3.org\/2000\/svg\" viewbox=\"0 0 1000 100\" preserveaspectratio=\"none\">\n\t<path class=\"elementor-shape-fill\" d=\"M500,98.9L0,6.1V0h1000v6.1L500,98.9z\"\/>\n<\/svg>\t\t<\/div>\n\t\t<div class=\"elementor-element elementor-element-dd6a178 e-con-full e-flex e-con e-child\" data-id=\"dd6a178\" data-element_type=\"container\">\n\t\t\t\t<div class=\"elementor-element elementor-element-cb9a59a elementor-widget elementor-widget-heading\" data-id=\"cb9a59a\" data-element_type=\"widget\" data-widget_type=\"heading.default\">\n\t\t\t\t<div class=\"elementor-widget-container\">\n\t\t\t<h2 class=\"elementor-heading-title elementor-size-default\">Our Company<\/h2>\t\t<\/div>\n\t\t\t\t<\/div>\n\t\t\t\t<div class=\"elementor-element elementor-element-2c013c7 elementor-widget elementor-widget-text-editor\" data-id=\"2c013c7\" data-element_type=\"widget\" data-widget_type=\"text-editor.default\">\n\t\t\t\t<div class=\"elementor-widget-container\">\n\t\t\t<style>\/*! elementor - v3.23.0 - 05-08-2024 *\/\n.elementor-widget-text-editor.elementor-drop-cap-view-stacked .elementor-drop-cap{background-color:#69727d;color:#fff}.elementor-widget-text-editor.elementor-drop-cap-view-framed .elementor-drop-cap{color:#69727d;border:3px solid;background-color:transparent}.elementor-widget-text-editor:not(.elementor-drop-cap-view-default) .elementor-drop-cap{margin-top:8px}.elementor-widget-text-editor:not(.elementor-drop-cap-view-default) .elementor-drop-cap-letter{width:1em;height:1em}.elementor-widget-text-editor .elementor-drop-cap{float:left;text-align:center;line-height:1;font-size:50px}.elementor-widget-text-editor .elementor-drop-cap-letter{display:inline-block}<\/style>\t\t\t\t<p>With over 30 years of experience and expertise, we are committed to continuous development and improvement, ensuring that we offer the best solutions to meet your business demands.<\/p><p>Our multifunctional warehouse, equipped with forklifts and specialized tools, provides us with the flexibility to address your graphic machinery needs promptly and efficiently.<\/p>\t\t\t\t\t\t<\/div>\n\t\t\t\t<\/div>\n\t\t\t\t<div class=\"elementor-element elementor-element-ec73f21 elementor-widget elementor-widget-image\" data-id=\"ec73f21\" data-element_type=\"widget\" data-widget_type=\"image.default\">\n\t\t\t\t<div class=\"elementor-widget-container\">\n\t\t\t<style>\/*! elementor - v3.23.0 - 05-08-2024 *\/\n.elementor-widget-image{text-align:center}.elementor-widget-image a{display:inline-block}.elementor-widget-image a img[src$=\".svg\"]{width:48px}.elementor-widget-image img{vertical-align:middle;display:inline-block}<\/style>\t\t\t\t\t\t\t\t\t\t<img fetchpriority=\"high\" decoding=\"async\" width=\"1024\" height=\"768\" src=\"https:\/\/kgm-graphics.com\/wp-content\/uploads\/2024\/01\/99119c41-e717-40e3-8367-ddef364f5adf.jpg\" class=\"attachment-full size-full wp-image-19\" alt=\"\" srcset=\"https:\/\/kgm-graphics.com\/wp-content\/uploads\/2024\/01\/99119c41-e717-40e3-8367-ddef364f5adf.jpg 1024w, https:\/\/kgm-graphics.com\/wp-content\/uploads\/2024\/01\/99119c41-e717-40e3-8367-ddef364f5adf-600x450.jpg 600w, https:\/\/kgm-graphics.com\/wp-content\/uploads\/2024\/01\/99119c41-e717-40e3-8367-ddef364f5adf-300x225.jpg 300w, https:\/\/kgm-graphics.com\/wp-content\/uploads\/2024\/01\/99119c41-e717-40e3-8367-ddef364f5adf-768x576.jpg 768w\" sizes=\"(max-width: 1024px) 100vw, 1024px\" \/>\t\t\t\t\t\t\t\t\t\t\t\t\t<\/div>\n\t\t\t\t<\/div>\n\t\t\t\t<div class=\"elementor-element elementor-element-5406152 elementor-widget elementor-widget-text-editor\" data-id=\"5406152\" data-element_type=\"widget\" data-widget_type=\"text-editor.default\">\n\t\t\t\t<div class=\"elementor-widget-container\">\n\t\t\t\t\t\t\t<p><strong>Global Reach, Local Expertise.<\/strong> Based in Germany, we have over 30 years of experience in supplying top-tier used printing machines to customers worldwide. Our extensive inventory is stocked with well-maintained machines ready for immediate shipment. Comprehensive Services.<\/p><p><strong>Comprehensive Services.<\/strong> Beyond just selling and buying, our services encompass, dismantling, sourcing, moving, maintenance and transport of printing machinery. Whether you need a single machine or a complete printing system, our dedicated team is equipped to handle projects of any scale.<\/p>\t\t\t\t\t\t<\/div>\n\t\t\t\t<\/div>\n\t\t\t\t<div class=\"elementor-element elementor-element-059a9c0 elementor-widget elementor-widget-text-editor\" data-id=\"059a9c0\" data-element_type=\"widget\" data-widget_type=\"text-editor.default\">\n\t\t\t\t<div class=\"elementor-widget-container\">\n\t\t\t\t\t\t\t<p><strong>International Success.<\/strong> Our reputation for reliability and quality spans across the globe. We have successfully delivered graphic machinery to satisfied customers in over 72 countries, ensuring their printing operations run smoothly and efficiently.<\/p><p><strong>Quality Brands.<\/strong> We are proud to offer machines from reowned brands, such as Heidelberg, Roland, M\u00fcller Martini, Polar, Perfecta, Stahl and many more. Each machine undergoes rigorous inspection to meet our high standards of quality and performance.<\/p>\t\t\t\t\t\t<\/div>\n\t\t\t\t<\/div>\n\t\t\t\t<\/div>\n\t\t\t\t\t<\/div>\n\t\t\t\t<\/div>\n\t\t<div class=\"elementor-element elementor-element-240c3d6 e-flex e-con-boxed e-con e-parent\" data-id=\"240c3d6\" data-element_type=\"container\" data-settings=\"{&quot;background_background&quot;:&quot;classic&quot;}\">\n\t\t\t\t\t<div class=\"e-con-inner\">\n\t\t<div class=\"elementor-element elementor-element-861d6c4 e-con-full e-flex e-con e-child\" data-id=\"861d6c4\" data-element_type=\"container\">\n\t\t\t\t<div class=\"elementor-element elementor-element-af8ca01 elementor-widget elementor-widget-heading\" data-id=\"af8ca01\" data-element_type=\"widget\" data-widget_type=\"heading.default\">\n\t\t\t\t<div class=\"elementor-widget-container\">\n\t\t\t<h3 class=\"elementor-heading-title elementor-size-default\">We believe in building lasting relationships with our clients.<\/h3>\t\t<\/div>\n\t\t\t\t<\/div>\n\t\t\t\t<\/div>\n\t\t<div class=\"elementor-element elementor-element-0420ce5 e-con-full e-flex e-con e-child\" data-id=\"0420ce5\" data-element_type=\"container\">\n\t\t\t\t<div class=\"elementor-element elementor-element-134fb17 elementor-widget elementor-widget-text-editor\" data-id=\"134fb17\" data-element_type=\"widget\" data-widget_type=\"text-editor.default\">\n\t\t\t\t<div class=\"elementor-widget-container\">\n\t\t\t\t\t\t\t<p>Our committment to excellence and customer satisfaction is at the core of everything we do. We take pride in providing personalized service tailored to your specific needs, ensuring that you have a reliable partner you can count on for all your graphic machinery requirements.<\/p><p>Our experienced team is dedicate to understanding your business and offering solutions that help you succeed. Whether you are purchasing equipment, selling your machine, or looking for expert advice, we are here to support you every step of the way.<\/p><p>Stay connected with us and be the first to know about our latest inventory updates and special offers. Sign up for our newsletter today and join our community of satisfied clients.<\/p>\t\t\t\t\t\t<\/div>\n\t\t\t\t<\/div>\n\t\t\t\t<div class=\"elementor-element elementor-element-75a538c elementor-widget elementor-widget-button\" data-id=\"75a538c\" data-element_type=\"widget\" data-widget_type=\"button.default\">\n\t\t\t\t<div class=\"elementor-widget-container\">\n\t\t\t\t\t<div class=\"elementor-button-wrapper\">\n\t\t\t<a class=\"elementor-button elementor-button-link elementor-size-md\" href=\"https:\/\/share-eu1.hsforms.com\/1Ho1sWOLsR_-a93uBaEFB-w2e6lwd\">\n\t\t\t\t\t\t<span class=\"elementor-button-content-wrapper\">\n\t\t\t\t\t\t<span class=\"elementor-button-icon\">\n\t\t\t\t<svg aria-hidden=\"true\" class=\"e-font-icon-svg e-far-envelope\" viewbox=\"0 0 512 512\" xmlns=\"http:\/\/www.w3.org\/2000\/svg\"><path d=\"M464 64H48C21.49 64 0 85.49 0 112v288c0 26.51 21.49 48 48 48h416c26.51 0 48-21.49 48-48V112c0-26.51-21.49-48-48-48zm0 48v40.805c-22.422 18.259-58.168 46.651-134.587 106.49-16.841 13.247-50.201 45.072-73.413 44.701-23.208.375-56.579-31.459-73.413-44.701C106.18 199.465 70.425 171.067 48 152.805V112h416zM48 400V214.398c22.914 18.251 55.409 43.862 104.938 82.646 21.857 17.205 60.134 55.186 103.062 54.955 42.717.231 80.509-37.199 103.053-54.947 49.528-38.783 82.032-64.401 104.947-82.653V400H48z\"><\/path><\/svg>\t\t\t<\/span>\n\t\t\t\t\t\t\t\t\t<span class=\"elementor-button-text\">Sign Up for Our Newsletter<\/span>\n\t\t\t\t\t<\/span>\n\t\t\t\t\t<\/a>\n\t\t<\/div>\n\t\t\t\t<\/div>\n\t\t\t\t<\/div>\n\t\t\t\t<\/div>\n\t\t\t\t\t<\/div>\n\t\t\t\t<\/div>\n\t\t<div class=\"elementor-element elementor-element-73b4a80 e-flex e-con-boxed e-con e-parent\" data-id=\"73b4a80\" data-element_type=\"container\">\n\t\t\t\t\t<div class=\"e-con-inner\">\n\t\t<div class=\"elementor-element elementor-element-00fcb97 e-con-full e-flex e-con e-child\" data-id=\"00fcb97\" data-element_type=\"container\">\n\t\t\t\t<div class=\"elementor-element elementor-element-83d0b62 elementor-widget elementor-widget-heading\" data-id=\"83d0b62\" data-element_type=\"widget\" data-widget_type=\"heading.default\">\n\t\t\t\t<div class=\"elementor-widget-container\">\n\t\t\t<h2 class=\"elementor-heading-title elementor-size-default\">Meet Our Team<\/h2>\t\t<\/div>\n\t\t\t\t<\/div>\n\t\t\t\t<div class=\"elementor-element elementor-element-15b32b2 elementor-widget elementor-widget-text-editor\" data-id=\"15b32b2\" data-element_type=\"widget\" data-widget_type=\"text-editor.default\">\n\t\t\t\t<div class=\"elementor-widget-container\">\n\t\t\t\t\t\t\t<div class=\"flex flex-grow flex-col max-w-full\"><div class=\"min-h-[20px] text-message flex w-full flex-col items-end gap-2 whitespace-pre-wrap break-words [.text-message+&amp;]:mt-5 overflow-x-auto\" dir=\"auto\" data-message-author-role=\"assistant\" data-message-id=\"4de46032-3552-4088-a891-26183a060a43\"><div class=\"flex w-full flex-col gap-1 empty:hidden first:pt-[3px]\"><div class=\"markdown prose w-full break-words dark:prose-invert light\"><p>Get to know the people who make it all possible<\/p><\/div><\/div><\/div><\/div>\t\t\t\t\t\t<\/div>\n\t\t\t\t<\/div>\n\t\t\t\t<\/div>\n\t\t\t\t\t<\/div>\n\t\t\t\t<\/div>\n\t\t<div class=\"elementor-element elementor-element-18a6cd0 e-flex e-con-boxed e-con e-parent\" data-id=\"18a6cd0\" data-element_type=\"container\">\n\t\t\t\t\t<div class=\"e-con-inner\">\n\t\t<div class=\"elementor-element elementor-element-52324af e-con-full e-flex e-con e-child\" data-id=\"52324af\" data-element_type=\"container\">\n\t\t\t\t<div class=\"elementor-element elementor-element-10a67aa elementor-position-top elementor-widget elementor-widget-image-box\" data-id=\"10a67aa\" data-element_type=\"widget\" data-widget_type=\"image-box.default\">\n\t\t\t\t<div class=\"elementor-widget-container\">\n\t\t\t<style>\/*! elementor - v3.23.0 - 05-08-2024 *\/\n.elementor-widget-image-box .elementor-image-box-content{width:100%}@media (min-width:768px){.elementor-widget-image-box.elementor-position-left .elementor-image-box-wrapper,.elementor-widget-image-box.elementor-position-right .elementor-image-box-wrapper{display:flex}.elementor-widget-image-box.elementor-position-right .elementor-image-box-wrapper{text-align:end;flex-direction:row-reverse}.elementor-widget-image-box.elementor-position-left .elementor-image-box-wrapper{text-align:start;flex-direction:row}.elementor-widget-image-box.elementor-position-top .elementor-image-box-img{margin:auto}.elementor-widget-image-box.elementor-vertical-align-top .elementor-image-box-wrapper{align-items:flex-start}.elementor-widget-image-box.elementor-vertical-align-middle .elementor-image-box-wrapper{align-items:center}.elementor-widget-image-box.elementor-vertical-align-bottom .elementor-image-box-wrapper{align-items:flex-end}}@media (max-width:767px){.elementor-widget-image-box .elementor-image-box-img{margin-left:auto!important;margin-right:auto!important;margin-bottom:15px}}.elementor-widget-image-box .elementor-image-box-img{display:inline-block}.elementor-widget-image-box .elementor-image-box-title a{color:inherit}.elementor-widget-image-box .elementor-image-box-wrapper{text-align:center}.elementor-widget-image-box .elementor-image-box-description{margin:0}<\/style><div class=\"elementor-image-box-wrapper\"><figure class=\"elementor-image-box-img\"><img decoding=\"async\" width=\"699\" height=\"669\" src=\"https:\/\/kgm-graphics.com\/wp-content\/uploads\/2024\/07\/IMG_8534-scaled-e1721935432957.jpg\" class=\"attachment-full size-full wp-image-2603\" alt=\"\" srcset=\"https:\/\/kgm-graphics.com\/wp-content\/uploads\/2024\/07\/IMG_8534-scaled-e1721935432957.jpg 699w, https:\/\/kgm-graphics.com\/wp-content\/uploads\/2024\/07\/IMG_8534-scaled-e1721935432957-600x574.jpg 600w, https:\/\/kgm-graphics.com\/wp-content\/uploads\/2024\/07\/IMG_8534-scaled-e1721935432957-300x287.jpg 300w\" sizes=\"(max-width: 699px) 100vw, 699px\" \/><\/figure><div class=\"elementor-image-box-content\"><h3 class=\"elementor-image-box-title\">Yilmaz Kececi<\/h3><p class=\"elementor-image-box-description\">Owner<br><\/p><\/div><\/div>\t\t<\/div>\n\t\t\t\t<\/div>\n\t\t\t\t<\/div>\n\t\t<div class=\"elementor-element elementor-element-6c4ffc4 e-con-full e-flex e-con e-child\" data-id=\"6c4ffc4\" data-element_type=\"container\">\n\t\t\t\t<div class=\"elementor-element elementor-element-2eb5b37 elementor-position-top elementor-widget elementor-widget-image-box\" data-id=\"2eb5b37\" data-element_type=\"widget\" data-widget_type=\"image-box.default\">\n\t\t\t\t<div class=\"elementor-widget-container\">\n\t\t\t<div class=\"elementor-image-box-wrapper\"><figure class=\"elementor-image-box-img\"><img decoding=\"async\" width=\"1635\" height=\"1440\" src=\"https:\/\/kgm-graphics.com\/wp-content\/uploads\/2024\/07\/thumbnail_SIE_210830_3819_low-e1721936383523.jpg\" class=\"attachment-full size-full wp-image-2608\" alt=\"\" srcset=\"https:\/\/kgm-graphics.com\/wp-content\/uploads\/2024\/07\/thumbnail_SIE_210830_3819_low-e1721936383523.jpg 1635w, https:\/\/kgm-graphics.com\/wp-content\/uploads\/2024\/07\/thumbnail_SIE_210830_3819_low-e1721936383523-600x528.jpg 600w, https:\/\/kgm-graphics.com\/wp-content\/uploads\/2024\/07\/thumbnail_SIE_210830_3819_low-e1721936383523-300x264.jpg 300w, https:\/\/kgm-graphics.com\/wp-content\/uploads\/2024\/07\/thumbnail_SIE_210830_3819_low-e1721936383523-1024x902.jpg 1024w, https:\/\/kgm-graphics.com\/wp-content\/uploads\/2024\/07\/thumbnail_SIE_210830_3819_low-e1721936383523-768x676.jpg 768w, https:\/\/kgm-graphics.com\/wp-content\/uploads\/2024\/07\/thumbnail_SIE_210830_3819_low-e1721936383523-1536x1353.jpg 1536w\" sizes=\"(max-width: 1635px) 100vw, 1635px\" \/><\/figure><div class=\"elementor-image-box-content\"><h3 class=\"elementor-image-box-title\">Fatih Kececi<\/h3><p class=\"elementor-image-box-description\">Project Coordination &amp; Sales<br>Industrial Engineer<\/p><\/div><\/div>\t\t<\/div>\n\t\t\t\t<\/div>\n\t\t\t\t<\/div>\n\t\t<div class=\"elementor-element elementor-element-384d1c6 e-con-full e-flex e-con e-child\" data-id=\"384d1c6\" data-element_type=\"container\">\n\t\t\t\t<div class=\"elementor-element elementor-element-55595f5 elementor-position-top elementor-widget elementor-widget-image-box\" data-id=\"55595f5\" data-element_type=\"widget\" data-widget_type=\"image-box.default\">\n\t\t\t\t<div class=\"elementor-widget-container\">\n\t\t\t<div class=\"elementor-image-box-wrapper\"><figure class=\"elementor-image-box-img\"><img loading=\"lazy\" decoding=\"async\" width=\"310\" height=\"445\" src=\"https:\/\/kgm-graphics.com\/wp-content\/uploads\/2024\/07\/thumbnail_foto3.png\" class=\"attachment-full size-full wp-image-2607\" alt=\"\" srcset=\"https:\/\/kgm-graphics.com\/wp-content\/uploads\/2024\/07\/thumbnail_foto3.png 310w, https:\/\/kgm-graphics.com\/wp-content\/uploads\/2024\/07\/thumbnail_foto3-209x300.png 209w\" sizes=\"(max-width: 310px) 100vw, 310px\" \/><\/figure><div class=\"elementor-image-box-content\"><h3 class=\"elementor-image-box-title\">Yasemin Kececi<\/h3><p class=\"elementor-image-box-description\">Inquiry &amp; Data Management <br>M.Sc. Management<\/p><\/div><\/div>\t\t<\/div>\n\t\t\t\t<\/div>\n\t\t\t\t<\/div>\n\t\t<div class=\"elementor-element elementor-element-cb7690e e-con-full e-flex e-con e-child\" data-id=\"cb7690e\" data-element_type=\"container\">\n\t\t\t\t<div class=\"elementor-element elementor-element-0feffea elementor-position-top elementor-widget elementor-widget-image-box\" data-id=\"0feffea\" data-element_type=\"widget\" data-widget_type=\"image-box.default\">\n\t\t\t\t<div class=\"elementor-widget-container\">\n\t\t\t<div class=\"elementor-image-box-wrapper\"><figure class=\"elementor-image-box-img\"><img loading=\"lazy\" decoding=\"async\" width=\"1847\" height=\"1723\" src=\"https:\/\/kgm-graphics.com\/wp-content\/uploads\/2024\/07\/thumbnail_image0-e1721939039571.jpg\" class=\"attachment-full size-full wp-image-2628\" alt=\"\" srcset=\"https:\/\/kgm-graphics.com\/wp-content\/uploads\/2024\/07\/thumbnail_image0-e1721939039571.jpg 1847w, https:\/\/kgm-graphics.com\/wp-content\/uploads\/2024\/07\/thumbnail_image0-e1721939039571-600x560.jpg 600w, https:\/\/kgm-graphics.com\/wp-content\/uploads\/2024\/07\/thumbnail_image0-e1721939039571-300x280.jpg 300w, https:\/\/kgm-graphics.com\/wp-content\/uploads\/2024\/07\/thumbnail_image0-e1721939039571-1024x955.jpg 1024w, https:\/\/kgm-graphics.com\/wp-content\/uploads\/2024\/07\/thumbnail_image0-e1721939039571-768x716.jpg 768w, https:\/\/kgm-graphics.com\/wp-content\/uploads\/2024\/07\/thumbnail_image0-e1721939039571-1536x1433.jpg 1536w\" sizes=\"(max-width: 1847px) 100vw, 1847px\" \/><\/figure><div class=\"elementor-image-box-content\"><h3 class=\"elementor-image-box-title\">G\u00f6khan Kececi<\/h3><p class=\"elementor-image-box-description\">Operational Logistics<br>Industrial Engineer<\/p><\/div><\/div>\t\t<\/div>\n\t\t\t\t<\/div>\n\t\t\t\t<\/div>\n\t\t\t\t\t<\/div>\n\t\t\t\t<\/div>\n\t\t<div class=\"elementor-element elementor-element-d740d93 e-flex e-con-boxed e-con e-parent\" data-id=\"d740d93\" data-element_type=\"container\" data-settings=\"{&quot;background_background&quot;:&quot;classic&quot;}\">\n\t\t\t\t\t<div class=\"e-con-inner\">\n\t\t<div class=\"elementor-element elementor-element-81fa0ff e-con-full e-flex e-con e-child\" data-id=\"81fa0ff\" data-element_type=\"container\">\n\t\t\t\t<div class=\"elementor-element elementor-element-300860c elementor-widget elementor-widget-heading\" data-id=\"300860c\" data-element_type=\"widget\" data-widget_type=\"heading.default\">\n\t\t\t\t<div class=\"elementor-widget-container\">\n\t\t\t<h2 class=\"elementor-heading-title elementor-size-default\">Get in Touch<\/h2>\t\t<\/div>\n\t\t\t\t<\/div>\n\t\t\t\t<div class=\"elementor-element elementor-element-eb4414b elementor-widget elementor-widget-text-editor\" data-id=\"eb4414b\" data-element_type=\"widget\" data-widget_type=\"text-editor.default\">\n\t\t\t\t<div class=\"elementor-widget-container\">\n\t\t\t\t\t\t\t<p>Whether you have questions, need further information, or inquire accessories, our team is ready to help. Please fill out the contact form below, and we will get back to you promptly.<\/p>\t\t\t\t\t\t<\/div>\n\t\t\t\t<\/div>\n\t\t\t\t<div class=\"elementor-element elementor-element-e6015a6 elementor-widget elementor-widget-wpforms\" data-id=\"e6015a6\" data-element_type=\"widget\" data-widget_type=\"wpforms.default\">\n\t\t\t\t<div class=\"elementor-widget-container\">\n\t\t\t<div class=\"wpforms-container\" id=\"wpforms-2325\"><form id=\"wpforms-form-2325\" class=\"wpforms-validate wpforms-form wpforms-ajax-form\" data-formid=\"2325\" method=\"post\" enctype=\"multipart\/form-data\" action=\"\/en\/wp-json\/wp\/v2\/pages\/2090\" data-token=\"ac13e00e89834a60c599d704c1c46150\" data-token-time=\"1776355373\" data-trp-original-action=\"\/en\/wp-json\/wp\/v2\/pages\/2090\"><noscript class=\"wpforms-error-noscript\">Please enable JavaScript in your browser to complete this form.<\/noscript><div class=\"wpforms-field-container\"><div id=\"wpforms-2325-field_0-container\" class=\"wpforms-field wpforms-field-name\" data-field-id=\"0\"><label class=\"wpforms-field-label\" for=\"wpforms-2325-field_0\">Name <span class=\"wpforms-required-label\">*<\/span><\/label><input type=\"text\" id=\"wpforms-2325-field_0\" class=\"wpforms-field-medium wpforms-field-required\" name=\"wpforms[fields][0]\" required><\/div><div id=\"wpforms-2325-field_3-container\" class=\"wpforms-field wpforms-field-number\" data-field-id=\"3\"><label class=\"wpforms-field-label\" for=\"wpforms-2325-field_3\">Phone number <span class=\"wpforms-required-label\">*<\/span><\/label><input type=\"number\" id=\"wpforms-2325-field_3\" class=\"wpforms-field-medium wpforms-field-required\" name=\"wpforms[fields][3]\" step=\"any\" required><\/div><div id=\"wpforms-2325-field_1-container\" class=\"wpforms-field wpforms-field-email\" data-field-id=\"1\"><label class=\"wpforms-field-label\" for=\"wpforms-2325-field_1\">E-mail <span class=\"wpforms-required-label\">*<\/span><\/label><input type=\"email\" id=\"wpforms-2325-field_1\" class=\"wpforms-field-medium wpforms-field-required\" name=\"wpforms[fields][1]\" spellcheck=\"false\" required><\/div><div id=\"wpforms-2325-field_2-container\" class=\"wpforms-field wpforms-field-textarea\" data-field-id=\"2\"><label class=\"wpforms-field-label\" for=\"wpforms-2325-field_2\">Your message<\/label><textarea id=\"wpforms-2325-field_2\" class=\"wpforms-field-medium\" name=\"wpforms[fields][2]\" ><\/textarea><\/div><\/div><!-- .wpforms-field-container --><div class=\"wpforms-submit-container\" ><input type=\"hidden\" name=\"wpforms[id]\" value=\"2325\"><input type=\"hidden\" name=\"page_title\" value=\"\"><input type=\"hidden\" name=\"page_url\" value=\"https:\/\/kgm-graphics.com\/en\/wp-json\/wp\/v2\/pages\/2090\"><input type=\"hidden\" name=\"url_referer\" value=\"\"><button type=\"submit\" name=\"wpforms[submit]\" id=\"wpforms-submit-2325\" class=\"wpforms-submit\" data-alt-text=\"Sending\u00a0\u2026\" data-submit-text=\"Abschicken\" aria-live=\"assertive\" value=\"wpforms-submit\">Send<\/button><img loading=\"lazy\" decoding=\"async\" src=\"https:\/\/kgm-graphics.com\/wp-content\/plugins\/wpforms-lite\/assets\/images\/submit-spin.svg\" class=\"wpforms-submit-spinner\" style=\"display: none;\" width=\"26\" height=\"26\" alt=\"Loading\"><\/div><input type=\"hidden\" name=\"trp-form-language\" value=\"en\"\/><\/form><\/div>  <!-- .wpforms-container -->\t\t<\/div>\n\t\t\t\t<\/div>\n\t\t\t\t<\/div>\n\t\t\t\t\t<\/div>\n\t\t\t\t<\/div>\n\t\t\t\t<\/div>","protected":false},"excerpt":{"rendered":"<p>\u00dcber Uns Unsere Firma Mit \u00fcber 30 Jahren Erfahrung und Expertise engagieren wir uns f\u00fcr kontinuierliche Weiterentwicklung und Verbesserung, um Ihnen stets die besten L\u00f6sungen f\u00fcr Ihre gesch\u00e4ftlichen Anforderungen zu bieten. Unser multifunktionales Lager, ausgestattet mit Gabelstaplern und spezialisierten Werkzeugen, erm\u00f6glicht es uns, flexibel und effizient auf Ihre Bed\u00fcrfnisse im Bereich der graphischen Maschinen einzugehen. [&hellip;]<\/p>","protected":false},"author":1,"featured_media":0,"parent":0,"menu_order":0,"comment_status":"closed","ping_status":"closed","template":"elementor_header_footer","meta":{"content-type":"","_uag_custom_page_level_css":"","footnotes":""},"blocksy_meta":[],"uagb_featured_image_src":{"full":false,"thumbnail":false,"medium":false,"medium_large":false,"large":false,"1536x1536":false,"2048x2048":false,"trp-custom-language-flag":false,"woocommerce_archive_thumbnail":false,"woocommerce_thumbnail":false,"woocommerce_single":false,"woocommerce_gallery_thumbnail":false},"uagb_author_info":{"display_name":"KGM","author_link":"https:\/\/kgm-graphics.com\/en\/author\/kgm\/"},"uagb_comment_info":0,"uagb_excerpt":"\u00dcber Uns Unsere Firma Mit \u00fcber 30 Jahren Erfahrung und Expertise engagieren wir uns f\u00fcr kontinuierliche Weiterentwicklung und Verbesserung, um Ihnen stets die besten L\u00f6sungen f\u00fcr Ihre gesch\u00e4ftlichen Anforderungen zu bieten. Unser multifunktionales Lager, ausgestattet mit Gabelstaplern und spezialisierten Werkzeugen, erm\u00f6glicht es uns, flexibel und effizient auf Ihre Bed\u00fcrfnisse im Bereich der graphischen Maschinen einzugehen.&hellip;","_links":{"self":[{"href":"https:\/\/kgm-graphics.com\/en\/wp-json\/wp\/v2\/pages\/2090"}],"collection":[{"href":"https:\/\/kgm-graphics.com\/en\/wp-json\/wp\/v2\/pages"}],"about":[{"href":"https:\/\/kgm-graphics.com\/en\/wp-json\/wp\/v2\/types\/page"}],"author":[{"embeddable":true,"href":"https:\/\/kgm-graphics.com\/en\/wp-json\/wp\/v2\/users\/1"}],"replies":[{"embeddable":true,"href":"https:\/\/kgm-graphics.com\/en\/wp-json\/wp\/v2\/comments?post=2090"}],"version-history":[{"count":84,"href":"https:\/\/kgm-graphics.com\/en\/wp-json\/wp\/v2\/pages\/2090\/revisions"}],"predecessor-version":[{"id":4005,"href":"https:\/\/kgm-graphics.com\/en\/wp-json\/wp\/v2\/pages\/2090\/revisions\/4005"}],"wp:attachment":[{"href":"https:\/\/kgm-graphics.com\/en\/wp-json\/wp\/v2\/media?parent=2090"}],"curies":[{"name":"wp","href":"https:\/\/api.w.org\/{rel}","templated":true}]}}